{"id":114,"date":"2019-04-17T01:22:52","date_gmt":"2019-04-17T01:22:52","guid":{"rendered":"http:\/\/antonsieber.com\/premier-energy-dev\/?page_id=114"},"modified":"2019-06-26T19:39:58","modified_gmt":"2019-06-26T19:39:58","slug":"about-us","status":"publish","type":"page","link":"https:\/\/premierenergy.com\/es\/about-us\/","title":{"rendered":"Sobre Nosotros"},"content":{"rendered":"<div class=\"fusion-fullwidth fullwidth-box fusion-builder-row-1 nonhundred-percent-fullwidth non-hundred-percent-height-scrolling\" style=\"background-color: rgba(255,255,255,0);background-position: center center;background-repeat: no-repeat;padding-top:0px;padding-right:0px;padding-bottom:0px;padding-left:0px;margin-bottom: 0px;margin-top: 0px;border-width: 0px 0px 0px 0px;border-color:#eae9e9;border-style:solid;\" ><div class=\"fusion-builder-row fusion-row\"><div class=\"fusion-layout-column fusion_builder_column fusion-builder-column-0 fusion_builder_column_1_1 1_1 fusion-one-full fusion-column-first fusion-column-last\" style=\"margin-top:0px;margin-bottom:20px;\"><div class=\"fusion-column-wrapper fusion-flex-column-wrapper-legacy\" style=\"background-position:left top;background-repeat:no-repeat;-webkit-background-size:cover;-moz-background-size:cover;-o-background-size:cover;background-size:cover;padding: 0px 0px 0px 0px;\"><style type=\"text\/css\">@media only screen and (max-width:800px) {.fusion-title.fusion-title-1{margin-top:30px!important;margin-bottom:20px!important;}}<\/style><div class=\"fusion-title title fusion-title-1 fusion-title-text fusion-title-size-two\" style=\"font-size:34px;margin-top:20px;margin-right:0px;margin-bottom:20px;margin-left:0px;\"><h2 class=\"title-heading-left fusion-responsive-typography-calculated\" style=\"margin:0;font-size:1em;color:#16427e;--fontSize:34;line-height:1.18;\">Vision General de la Empresa<\/h2><span class=\"awb-title-spacer\"><\/span><div class=\"title-sep-container\"><div class=\"title-sep sep-double sep-solid\" style=\"border-color:#e0dede;\"><\/div><\/div><\/div><div class=\"fusion-clearfix\"><\/div><\/div><\/div><div class=\"fusion-layout-column fusion_builder_column fusion-builder-column-1 fusion_builder_column_3_5 3_5 fusion-three-fifth fusion-column-first\" style=\"width:60%;width:calc(60% - ( ( 4% ) * 0.6 ) );margin-right: 4%;margin-top:0px;margin-bottom:20px;\"><div class=\"fusion-column-wrapper fusion-flex-column-wrapper-legacy\" style=\"background-position:left top;background-repeat:no-repeat;-webkit-background-size:cover;-moz-background-size:cover;-o-background-size:cover;background-size:cover;padding: 0px 0px 0px 0px;\"><div class=\"fusion-text fusion-text-1\"><p>Con sede en Woodstock, Georgia. Premier Energy, Inc. est\u00e1 cambiando la forma en que el petr\u00f3leo y el gas, el servicio de alimentos, la agricultura, el acero, la automotriz y los productores independientes de energ\u00eda abordan sus desaf\u00edos de vapor y servicios p\u00fablicos. La compa\u00f1\u00eda se enfoca en productos y servicios s\u00f3lidos, ambientalmente \u00e9ticos que aprovechan los principios de la tecnolog\u00eda de vapor.<\/p>\n<p>Comprometida con la innovaci\u00f3n, Premier Energy colabora con clientes y socios para desarrollar negocios de alto rendimiento. Con una profunda experiencia en la industria y en procesos de ingenier\u00eda, amplios recursos globales y un historial comprobado, Premier Energy puede proporcionar las personas, habilidades y tecnolog\u00edas adecuadas para impulsar el negocio y los resultados de un cliente.<\/p>\n<p>Premier Energy, Inc. es una compa\u00f1\u00eda de ingenier\u00eda y construcci\u00f3n con licencia formada con ingenieros profesionales en aproximadamente veinte estados.<\/p>\n<p>Entre las muchas fortalezas que distinguen a Premier Energy en el mercado se encuentran:<\/p>\n<ul>\n<li>Amplia experiencia en la industria<\/li>\n<li>Amplia lista de trayectoria y experiencia<\/li>\n<li>Ofertas de servicios amplias y en evoluci\u00f3n<\/li>\n<li>Historia en la innovaci\u00f3n e implementaci\u00f3n de tecnolog\u00eda, incluidas nuestras capacidades de investigaci\u00f3n y desarrollo<\/li>\n<li>Equipo directivo aprobado y experimentado<\/li>\n<\/ul>\n<\/div><style type=\"text\/css\">@media only screen and (max-width:800px) {.fusion-title.fusion-title-2{margin-top:60px!important;margin-bottom:20px!important;}}<\/style><div class=\"fusion-title title fusion-title-2 fusion-title-text fusion-title-size-four\" style=\"font-size:26px;margin-top:40px;margin-right:0px;margin-bottom:20px;margin-left:0px;\"><h4 class=\"title-heading-left fusion-responsive-typography-calculated\" style=\"margin:0;font-size:1em;color:#16427e;--fontSize:26;line-height:1.38;\">Premios y Certificaciones<\/h4><span class=\"awb-title-spacer\"><\/span><div class=\"title-sep-container\"><div class=\"title-sep sep-double sep-solid\" style=\"border-color:#e0dede;\"><\/div><\/div><\/div><div class=\"fusion-text fusion-text-2\"><ul>\n<li>General Electric Channel Growth Award, 18 de Septiembre de 2012<\/li>\n<li>GOST \u2013 Russian Design Certification of Premier Energy Steam Generator, Certificado el 29 de Enero de 2014<\/li>\n<li>National Board of Boiler &amp; Pressure Vessel Inspectors \u2013 Repair \u201cR\u201d Stamp, Certificado el 17 de Abril de 2014<\/li>\n<li>Boletines de PDVSA\n<ul>\n<li><a href=\"http:\/\/premierenergy.com\/wp-content\/uploads\/Portable-Steam-Generators-Increase-Production.pdf\" target=\"_blank\" rel=\"noopener noreferrer\">Los Generadores de Vapor Port\u00e1tiles Aumentan la Producci\u00f3n<\/a><\/li>\n<li><a href=\"http:\/\/premierenergy.com\/wp-content\/uploads\/Portable-Steam-Generators-An-Outstanding-Project.pdf\" target=\"_blank\" rel=\"noopener noreferrer\">Generadores de Vapor Port\u00e1tiles: Un Proyecto Excepcional<\/a><\/li>\n<li><a href=\"http:\/\/premierenergy.com\/wp-content\/uploads\/PDVSA-Advances-Steam-Generator-Plants.pdf\" target=\"_blank\" rel=\"noopener noreferrer\">PDVSA Ensambla Plantas Generadoras de Vapor<\/a><\/li>\n<\/ul>\n<\/li>\n<\/ul>\n<\/div><style type=\"text\/css\">@media only screen and (max-width:800px) {.fusion-title.fusion-title-3{margin-top:60px!important;margin-bottom:20px!important;}}<\/style><div class=\"fusion-title title fusion-title-3 fusion-title-text fusion-title-size-four\" style=\"font-size:26px;margin-top:40px;margin-right:0px;margin-bottom:20px;margin-left:0px;\"><h4 class=\"title-heading-left fusion-responsive-typography-calculated\" style=\"margin:0;font-size:1em;color:#16427e;--fontSize:26;line-height:1.38;\">Patentes<\/h4><span class=\"awb-title-spacer\"><\/span><div class=\"title-sep-container\"><div class=\"title-sep sep-double sep-solid\" style=\"border-color:#e0dede;\"><\/div><\/div><\/div><div class=\"fusion-text fusion-text-3\"><ul>\n<li>US 9,303,865 B2: Steam Generator Apparatus and Associated Control System and Methods for Start Up<\/li>\n<li>US 9,303,866 B2: Steam Generator Apparatus and Associated Control System and Methods for Providing a Desired Injection Pressure<\/li>\n<li>US 9,310,070 B2: Steam Generator Apparatus and Associated Control System and Methods for Providing Venting<\/li>\n<li>US 9,383,095 B2: Steam Generator Apparatus and Associated Control System and Methods for Providing Desired Steam Quality<\/li>\n<li>US 10,125,973 B2: Steam Generation Apparatus and Associated Control System and Methods for Start Up<\/li>\n<li>US 10,125,977 B2: Steam Generator Apparatus and Associated Control System and Methods for Providing a Desired Injection Pressure<\/li>\n<li>US 10,132,493 B2: Steam Generation Apparatus and Associated Control System and Methods for Providing Desired Quality<\/li>\n<li>US 10,295,174 B2: Steam Generation Apparatus and Associated Control System and Methods for Providing Venting<\/li>\n<\/ul>\n<\/div><div class=\"fusion-clearfix\"><\/div><\/div><\/div><div class=\"fusion-layout-column fusion_builder_column fusion-builder-column-2 fusion_builder_column_2_5 2_5 fusion-two-fifth fusion-column-last\" style=\"width:40%;width:calc(40% - ( ( 4% ) * 0.4 ) );margin-top:0px;margin-bottom:20px;\"><div class=\"fusion-column-wrapper fusion-flex-column-wrapper-legacy\" style=\"background-position:left top;background-repeat:no-repeat;-webkit-background-size:cover;-moz-background-size:cover;-o-background-size:cover;background-size:cover;padding: 0px 0px 0px 0px;\"><div class=\"imageframe-align-center\"><span class=\"fusion-imageframe imageframe-none imageframe-1 hover-type-none\" style=\"border:1px solid #cccccc;\"><img decoding=\"async\" width=\"542\" height=\"489\" title=\"Mobile-slider-1\" src=\"http:\/\/premierenergy.com\/wp-content\/uploads\/Mobile-slider-1.jpg\" alt class=\"img-responsive wp-image-89\" srcset=\"https:\/\/premierenergy.com\/wp-content\/uploads\/Mobile-slider-1-300x271.jpg 300w, https:\/\/premierenergy.com\/wp-content\/uploads\/Mobile-slider-1.jpg 542w\" sizes=\"(max-width: 542px) 100vw, 542px\" \/><\/span><\/div><div class=\"fusion-sep-clear\"><\/div><div class=\"fusion-separator fusion-full-width-sep\" style=\"margin-left: auto;margin-right: auto;margin-top:10px;margin-bottom:10px;width:100%;\"><\/div><div class=\"fusion-sep-clear\"><\/div><div class=\"imageframe-align-center\"><span class=\"fusion-imageframe imageframe-none imageframe-2 hover-type-none\" style=\"border:1px solid #cccccc;\"><img decoding=\"async\" width=\"800\" height=\"600\" title=\"PES-Photo-800\" src=\"http:\/\/premierenergy.com\/wp-content\/uploads\/PES-Photo-800.jpg\" alt class=\"img-responsive wp-image-121\" srcset=\"https:\/\/premierenergy.com\/wp-content\/uploads\/PES-Photo-800-300x225.jpg 300w, https:\/\/premierenergy.com\/wp-content\/uploads\/PES-Photo-800-768x576.jpg 768w, https:\/\/premierenergy.com\/wp-content\/uploads\/PES-Photo-800.jpg 800w\" sizes=\"(max-width: 800px) 100vw, 800px\" \/><\/span><\/div><div class=\"fusion-sep-clear\"><\/div><div class=\"fusion-separator fusion-full-width-sep\" style=\"margin-left: auto;margin-right: auto;margin-top:10px;margin-bottom:10px;width:100%;\"><\/div><div class=\"fusion-sep-clear\"><\/div><div class=\"fusion-clearfix\"><\/div><\/div><\/div><\/div><\/div>","protected":false},"excerpt":{"rendered":"","protected":false},"author":1,"featured_media":0,"parent":0,"menu_order":0,"comment_status":"closed","ping_status":"closed","template":"100-width.php","meta":{"_bbp_topic_count":0,"_bbp_reply_count":0,"_bbp_total_topic_count":0,"_bbp_total_reply_count":0,"_bbp_voice_count":0,"_bbp_anonymous_reply_count":0,"_bbp_topic_count_hidden":0,"_bbp_reply_count_hidden":0,"_bbp_forum_subforum_count":0,"_monsterinsights_skip_tracking":false,"_monsterinsights_sitenote_active":false,"_monsterinsights_sitenote_note":"","_monsterinsights_sitenote_category":0,"footnotes":""},"class_list":["post-114","page","type-page","status-publish","hentry"],"aioseo_notices":[],"_links":{"self":[{"href":"https:\/\/premierenergy.com\/es\/wp-json\/wp\/v2\/pages\/114","targetHints":{"allow":["GET"]}}],"collection":[{"href":"https:\/\/premierenergy.com\/es\/wp-json\/wp\/v2\/pages"}],"about":[{"href":"https:\/\/premierenergy.com\/es\/wp-json\/wp\/v2\/types\/page"}],"author":[{"embeddable":true,"href":"https:\/\/premierenergy.com\/es\/wp-json\/wp\/v2\/users\/1"}],"replies":[{"embeddable":true,"href":"https:\/\/premierenergy.com\/es\/wp-json\/wp\/v2\/comments?post=114"}],"version-history":[{"count":20,"href":"https:\/\/premierenergy.com\/es\/wp-json\/wp\/v2\/pages\/114\/revisions"}],"predecessor-version":[{"id":395,"href":"https:\/\/premierenergy.com\/es\/wp-json\/wp\/v2\/pages\/114\/revisions\/395"}],"wp:attachment":[{"href":"https:\/\/premierenergy.com\/es\/wp-json\/wp\/v2\/media?parent=114"}],"curies":[{"name":"wp","href":"https:\/\/api.w.org\/{rel}","templated":true}]}}