{"id":269,"date":"2019-04-18T02:54:49","date_gmt":"2019-04-18T02:54:49","guid":{"rendered":"http:\/\/antonsieber.com\/premier-energy-dev\/?page_id=269"},"modified":"2019-04-18T02:54:49","modified_gmt":"2019-04-18T02:54:49","slug":"privacy-policy-2","status":"publish","type":"page","link":"https:\/\/premierenergy.com\/es\/privacy-policy-2\/","title":{"rendered":"Pol\u00edtica de Privacidad"},"content":{"rendered":"<p>Usted es libre de visitar www.premierenergy.com sin identificarse ni proporcionar ninguna informaci\u00f3n. Sin embargo, para proporcionar informaci\u00f3n de valor para el profesional de negocios, a menudo es necesario recopilar informaci\u00f3n personal de los visitantes de nuestro sitio. Nuestra intenci\u00f3n es equilibrar su derecho a la privacidad al tiempo que proporciona acceso a informaci\u00f3n importante del producto.<\/p>\n<p><strong>Pol\u00edtica de Informaci\u00f3n Personal<\/strong><br \/>\nPremier Energy puede solicitar informaci\u00f3n como su nombre, direcci\u00f3n de correo electr\u00f3nico, nombre de la empresa o n\u00famero de tel\u00e9fono. Es estrictamente voluntario de su parte responder. Esta informaci\u00f3n se puede utilizar para notificarle sobre los pr\u00f3ximos eventos y productos o servicios que pueden beneficiarlo en su negocio. Esta informaci\u00f3n tambi\u00e9n nos ayuda a mejorar la navegaci\u00f3n de nuestro sitio, lo que nos permite brindarle un mejor acceso a la informaci\u00f3n. Proporcionar informaci\u00f3n personal no es un requisito para visitar nuestro sitio web. Sin embargo, la informaci\u00f3n personal puede ser necesaria para obtener informaci\u00f3n personalizada de productos y servicios.<\/p>\n<p><strong>Divulgaci\u00f3n a terceros<\/strong><br \/>\nEn ning\u00fan momento Premier Energy proporcionar\u00e1 su informaci\u00f3n personal a otras entidades comerciales por ning\u00fan motivo. Esta informaci\u00f3n es estrictamente para nuestro uso para proporcionarle informaci\u00f3n actualizada y personalizada sobre productos y servicios y una experiencia web mejorada.<\/p>\n<p><strong>Uso de Cookies<\/strong><br \/>\nLas \"cookies\" se utilizan para registrar sus preferencias al utilizar un sitio web en particular. Puede ver las cookies que se han almacenado en su disco duro y eliminarlas. Algunos navegadores web le ofrecen la opci\u00f3n de aceptar o rechazar el almacenamiento de cookies.<\/p>","protected":false},"excerpt":{"rendered":"<p>You are free to visit www.PremierEnergy.com without identifying yourself or [&hellip;]<\/p>\n","protected":false},"author":1,"featured_media":0,"parent":0,"menu_order":0,"comment_status":"closed","ping_status":"closed","template":"","meta":{"_bbp_topic_count":0,"_bbp_reply_count":0,"_bbp_total_topic_count":0,"_bbp_total_reply_count":0,"_bbp_voice_count":0,"_bbp_anonymous_reply_count":0,"_bbp_topic_count_hidden":0,"_bbp_reply_count_hidden":0,"_bbp_forum_subforum_count":0,"_monsterinsights_skip_tracking":false,"_monsterinsights_sitenote_active":false,"_monsterinsights_sitenote_note":"","_monsterinsights_sitenote_category":0,"footnotes":""},"class_list":["post-269","page","type-page","status-publish","hentry"],"aioseo_notices":[],"_links":{"self":[{"href":"https:\/\/premierenergy.com\/es\/wp-json\/wp\/v2\/pages\/269","targetHints":{"allow":["GET"]}}],"collection":[{"href":"https:\/\/premierenergy.com\/es\/wp-json\/wp\/v2\/pages"}],"about":[{"href":"https:\/\/premierenergy.com\/es\/wp-json\/wp\/v2\/types\/page"}],"author":[{"embeddable":true,"href":"https:\/\/premierenergy.com\/es\/wp-json\/wp\/v2\/users\/1"}],"replies":[{"embeddable":true,"href":"https:\/\/premierenergy.com\/es\/wp-json\/wp\/v2\/comments?post=269"}],"version-history":[{"count":1,"href":"https:\/\/premierenergy.com\/es\/wp-json\/wp\/v2\/pages\/269\/revisions"}],"predecessor-version":[{"id":270,"href":"https:\/\/premierenergy.com\/es\/wp-json\/wp\/v2\/pages\/269\/revisions\/270"}],"wp:attachment":[{"href":"https:\/\/premierenergy.com\/es\/wp-json\/wp\/v2\/media?parent=269"}],"curies":[{"name":"wp","href":"https:\/\/api.w.org\/{rel}","templated":true}]}}