{"id":272,"date":"2019-04-18T02:56:07","date_gmt":"2019-04-18T02:56:07","guid":{"rendered":"http:\/\/antonsieber.com\/premier-energy-dev\/?page_id=272"},"modified":"2022-07-06T13:31:32","modified_gmt":"2022-07-06T13:31:32","slug":"premier-energy-services","status":"publish","type":"page","link":"https:\/\/premierenergy.com\/es\/premier-energy-services\/","title":{"rendered":"Premier Energy Services"},"content":{"rendered":"<p>El equipo de ingenier\u00eda de la compa\u00f1\u00eda tiene una amplia base de experiencia en el dise\u00f1o de sistemas de generaci\u00f3n de vapor y energ\u00eda el\u00e9ctrica. Los proyectos abarcan una amplia gama de dise\u00f1os de sistemas, desde calderas de tubos de agua erigidas y empaquetadas en el campo, calderas el\u00e9ctricas, calderas de tubos de fuego industriales, incluida la utilizaci\u00f3n de madera, carb\u00f3n, biomasa, combustibles gaseosos y l\u00edquidos. La compa\u00f1\u00eda ha aplicado su experiencia en calderas de alta presi\u00f3n y generaci\u00f3n de vapor para desarrollar generadores de inundaci\u00f3n de vapor de recuperaci\u00f3n mejorada de petr\u00f3leo (EOR) de \u00faltima generaci\u00f3n.<\/p>","protected":false},"excerpt":{"rendered":"<p>The Company\u2019s engineering team has broad base of experience in [&hellip;]<\/p>\n","protected":false},"author":1,"featured_media":0,"parent":0,"menu_order":0,"comment_status":"closed","ping_status":"closed","template":"","meta":{"_bbp_topic_count":0,"_bbp_reply_count":0,"_bbp_total_topic_count":0,"_bbp_total_reply_count":0,"_bbp_voice_count":0,"_bbp_anonymous_reply_count":0,"_bbp_topic_count_hidden":0,"_bbp_reply_count_hidden":0,"_bbp_forum_subforum_count":0,"_monsterinsights_skip_tracking":false,"_monsterinsights_sitenote_active":false,"_monsterinsights_sitenote_note":"","_monsterinsights_sitenote_category":0,"footnotes":""},"class_list":["post-272","page","type-page","status-publish","hentry"],"aioseo_notices":[],"_links":{"self":[{"href":"https:\/\/premierenergy.com\/es\/wp-json\/wp\/v2\/pages\/272","targetHints":{"allow":["GET"]}}],"collection":[{"href":"https:\/\/premierenergy.com\/es\/wp-json\/wp\/v2\/pages"}],"about":[{"href":"https:\/\/premierenergy.com\/es\/wp-json\/wp\/v2\/types\/page"}],"author":[{"embeddable":true,"href":"https:\/\/premierenergy.com\/es\/wp-json\/wp\/v2\/users\/1"}],"replies":[{"embeddable":true,"href":"https:\/\/premierenergy.com\/es\/wp-json\/wp\/v2\/comments?post=272"}],"version-history":[{"count":2,"href":"https:\/\/premierenergy.com\/es\/wp-json\/wp\/v2\/pages\/272\/revisions"}],"predecessor-version":[{"id":483,"href":"https:\/\/premierenergy.com\/es\/wp-json\/wp\/v2\/pages\/272\/revisions\/483"}],"wp:attachment":[{"href":"https:\/\/premierenergy.com\/es\/wp-json\/wp\/v2\/media?parent=272"}],"curies":[{"name":"wp","href":"https:\/\/api.w.org\/{rel}","templated":true}]}}