{"id":281,"date":"2019-04-18T03:00:55","date_gmt":"2019-04-18T03:00:55","guid":{"rendered":"http:\/\/antonsieber.com\/premier-energy-dev\/?page_id=281"},"modified":"2021-11-30T13:11:42","modified_gmt":"2021-11-30T13:11:42","slug":"media","status":"publish","type":"page","link":"https:\/\/premierenergy.com\/es\/media\/","title":{"rendered":"Medios de Comunicacion"},"content":{"rendered":"<div class=\"fusion-fullwidth fullwidth-box fusion-builder-row-1 nonhundred-percent-fullwidth non-hundred-percent-height-scrolling\" style=\"background-color: rgba(255,255,255,0);background-position: center center;background-repeat: no-repeat;padding-top:0px;padding-right:0px;padding-bottom:0px;padding-left:0px;margin-bottom: 0px;margin-top: 0px;border-width: 0px 0px 0px 0px;border-color:#eae9e9;border-style:solid;\" ><div class=\"fusion-builder-row fusion-row\"><div class=\"fusion-layout-column fusion_builder_column fusion-builder-column-0 fusion_builder_column_1_1 1_1 fusion-one-full fusion-column-first fusion-column-last\" style=\"margin-top:0px;margin-bottom:0px;\"><div class=\"fusion-column-wrapper fusion-flex-column-wrapper-legacy\" style=\"background-position:left top;background-repeat:no-repeat;-webkit-background-size:cover;-moz-background-size:cover;-o-background-size:cover;background-size:cover;padding: 0px 0px 0px 0px;\"><div class=\"fusion-text fusion-text-1\"><h6><em>Bienvenido al sitio de medios en l\u00ednea de Premier Energy. Damos la bienvenida a las consultas de la prensa y los analistas.<\/em><\/h6>\n<\/div><div class=\"fusion-sep-clear\"><\/div><div class=\"fusion-separator fusion-full-width-sep\" style=\"margin-left: auto;margin-right: auto;margin-top:10px;margin-bottom:20px;width:100%;\"><div class=\"fusion-separator-border sep-single sep-dotted\" style=\"border-color:#e0dede;border-top-width:1px;\"><\/div><\/div><div class=\"fusion-sep-clear\"><\/div><div class=\"fusion-text fusion-text-2\"><p>Hay disponible un kit completo de medios, que incluye perfil corporativo, folletos de la empresa y descripciones de servicios, lista de clientes, lista de socios, logotipos, im\u00e1genes de productos y biograf\u00edas y fotos de gesti\u00f3n.<\/p>\n<p><strong>Para recibir un kit de medios, env\u00ede un correo electr\u00f3nico <a href=\"mailto:info@premierenergy.com\">info@premierenergy.com<\/a><\/strong><\/p>\n<\/div><div class=\"fusion-sep-clear\"><\/div><div class=\"fusion-separator fusion-full-width-sep\" style=\"margin-left: auto;margin-right: auto;margin-top:5px;margin-bottom:10px;width:100%;\"><div class=\"fusion-separator-border sep-single sep-dotted\" style=\"border-color:#e0dede;border-top-width:1px;\"><\/div><\/div><div class=\"fusion-sep-clear\"><\/div><div class=\"fusion-clearfix\"><\/div><\/div><\/div><\/div><\/div>","protected":false},"excerpt":{"rendered":"","protected":false},"author":1,"featured_media":0,"parent":0,"menu_order":0,"comment_status":"closed","ping_status":"closed","template":"","meta":{"_bbp_topic_count":0,"_bbp_reply_count":0,"_bbp_total_topic_count":0,"_bbp_total_reply_count":0,"_bbp_voice_count":0,"_bbp_anonymous_reply_count":0,"_bbp_topic_count_hidden":0,"_bbp_reply_count_hidden":0,"_bbp_forum_subforum_count":0,"_monsterinsights_skip_tracking":false,"_monsterinsights_sitenote_active":false,"_monsterinsights_sitenote_note":"","_monsterinsights_sitenote_category":0,"footnotes":""},"class_list":["post-281","page","type-page","status-publish","hentry"],"aioseo_notices":[],"_links":{"self":[{"href":"https:\/\/premierenergy.com\/es\/wp-json\/wp\/v2\/pages\/281","targetHints":{"allow":["GET"]}}],"collection":[{"href":"https:\/\/premierenergy.com\/es\/wp-json\/wp\/v2\/pages"}],"about":[{"href":"https:\/\/premierenergy.com\/es\/wp-json\/wp\/v2\/types\/page"}],"author":[{"embeddable":true,"href":"https:\/\/premierenergy.com\/es\/wp-json\/wp\/v2\/users\/1"}],"replies":[{"embeddable":true,"href":"https:\/\/premierenergy.com\/es\/wp-json\/wp\/v2\/comments?post=281"}],"version-history":[{"count":12,"href":"https:\/\/premierenergy.com\/es\/wp-json\/wp\/v2\/pages\/281\/revisions"}],"predecessor-version":[{"id":427,"href":"https:\/\/premierenergy.com\/es\/wp-json\/wp\/v2\/pages\/281\/revisions\/427"}],"wp:attachment":[{"href":"https:\/\/premierenergy.com\/es\/wp-json\/wp\/v2\/media?parent=281"}],"curies":[{"name":"wp","href":"https:\/\/api.w.org\/{rel}","templated":true}]}}